{"id":764,"date":"2025-01-12T11:59:06","date_gmt":"2025-01-12T10:59:06","guid":{"rendered":"https:\/\/www.btc-martinique.com\/?page_id=764"},"modified":"2025-01-12T12:11:38","modified_gmt":"2025-01-12T11:11:38","slug":"services-conciergerie","status":"publish","type":"page","link":"https:\/\/www.btc-martinique.com\/index.php\/services-conciergerie\/","title":{"rendered":"Services Conciergerie"},"content":{"rendered":"<h1 style=\"\">Services Conciergerie<\/h1>\n<h3 style=\"text-align: center;\">Check-in \/ Check-out&nbsp;<\/h3>\n<p>Nos \u00e9quipes passent juste avant l&rsquo;arriv\u00e9e de vos voyageurs pour garantir la conformit\u00e9 de votre bien et proc\u00e8dent aux ajustements si n\u00e9cessaire.<\/p>\n<p>Nous accueillons vos voyageurs, nous transmettons vos consignes, et nous les guidons pour les premiers jours en Martinique&#8230;&nbsp;<\/p>\n<p><span><img decoding=\"async\" alt=\"\" data-id=\"138\" width=\"480\" data-init-width=\"480\" height=\"350\" data-init-height=\"350\" title=\"circles\" src=\"\/\/www.btc-martinique.com\/wp-content\/uploads\/tcb_lp_templates\/templates\/css\/images\/circles.png\" data-width=\"480\" data-height=\"350\" style=\"aspect-ratio: auto 480 \/ 350;\" loading=\"lazy\"><\/span><\/p>\n<h3 style=\"text-align: center;\">Services de m\u00e9nage<\/h3>\n<p>Reconfigurer votre bien le plus rapidement possible pour qu&rsquo;il soit \u00e0 nouveau disponible avec une qualit\u00e9 professionnelle, c&rsquo;est notre engagement.<\/p>\n<p><span><img decoding=\"async\" alt=\"\" data-id=\"138\" width=\"480\" data-init-width=\"480\" height=\"350\" data-init-height=\"350\" title=\"circles\" src=\"\/\/www.btc-martinique.com\/wp-content\/uploads\/tcb_lp_templates\/templates\/css\/images\/circles.png\" data-width=\"480\" data-height=\"350\" style=\"aspect-ratio: auto 480 \/ 350;\" loading=\"lazy\"><\/span><\/p>\n<h4 style=\"text-align: center;\">Commercialisation\/ Gestion de votre bien&nbsp;<\/h4>\n<p>Nous vous conseillons sur la gamme de prix et les prestations \u00e0 fournir pour \u00eatre au c\u0153ur du march\u00e9 des locations saisonni\u00e8res en Martinique.<\/p>\n<p>Un prix trop haut, et le taux de remplissage chute.<\/p>\n<p>Un prix trop bas et votre investissement perd son rendement.<\/p>\n<p>Confiez nous votre bien, nous saurons vous conseiller.&nbsp;<\/p>\n<p><span><img decoding=\"async\" alt=\"\" data-id=\"138\" width=\"480\" data-init-width=\"480\" height=\"350\" data-init-height=\"350\" title=\"circles\" src=\"\/\/www.btc-martinique.com\/wp-content\/uploads\/tcb_lp_templates\/templates\/css\/images\/circles.png\" data-width=\"480\" data-height=\"350\" style=\"aspect-ratio: auto 480 \/ 350;\" loading=\"lazy\"><\/span><\/p>\n","protected":false},"excerpt":{"rendered":"<p>Services Conciergerie Check-in \/ Check-out&nbsp; Nos \u00e9quipes passent juste avant l&rsquo;arriv\u00e9e de vos voyageurs pour garantir la conformit\u00e9 de votre bien et proc\u00e8dent aux ajustements si n\u00e9cessaire. Nous accueillons vos voyageurs, nous transmettons vos consignes, et nous les guidons pour les premiers jours en Martinique&#8230;&nbsp; Services de m\u00e9nage Reconfigurer votre bien le plus rapidement possible [&hellip;]<\/p>\n","protected":false},"author":1,"featured_media":700,"parent":0,"menu_order":0,"comment_status":"closed","ping_status":"closed","template":"","meta":{"footnotes":""},"class_list":["post-764","page","type-page","status-publish","has-post-thumbnail","hentry","post-wrapper","thrv_wrapper"],"_links":{"self":[{"href":"https:\/\/www.btc-martinique.com\/index.php\/wp-json\/wp\/v2\/pages\/764","targetHints":{"allow":["GET"]}}],"collection":[{"href":"https:\/\/www.btc-martinique.com\/index.php\/wp-json\/wp\/v2\/pages"}],"about":[{"href":"https:\/\/www.btc-martinique.com\/index.php\/wp-json\/wp\/v2\/types\/page"}],"author":[{"embeddable":true,"href":"https:\/\/www.btc-martinique.com\/index.php\/wp-json\/wp\/v2\/users\/1"}],"replies":[{"embeddable":true,"href":"https:\/\/www.btc-martinique.com\/index.php\/wp-json\/wp\/v2\/comments?post=764"}],"version-history":[{"count":7,"href":"https:\/\/www.btc-martinique.com\/index.php\/wp-json\/wp\/v2\/pages\/764\/revisions"}],"predecessor-version":[{"id":773,"href":"https:\/\/www.btc-martinique.com\/index.php\/wp-json\/wp\/v2\/pages\/764\/revisions\/773"}],"wp:featuredmedia":[{"embeddable":true,"href":"https:\/\/www.btc-martinique.com\/index.php\/wp-json\/wp\/v2\/media\/700"}],"wp:attachment":[{"href":"https:\/\/www.btc-martinique.com\/index.php\/wp-json\/wp\/v2\/media?parent=764"}],"curies":[{"name":"wp","href":"https:\/\/api.w.org\/{rel}","templated":true}]}}