{"id":718,"date":"2025-01-12T07:24:30","date_gmt":"2025-01-12T06:24:30","guid":{"rendered":"https:\/\/www.btc-martinique.com\/?page_id=718"},"modified":"2025-01-12T11:46:51","modified_gmt":"2025-01-12T10:46:51","slug":"appel-doffres","status":"publish","type":"page","link":"https:\/\/www.btc-martinique.com\/index.php\/appel-doffres\/","title":{"rendered":"Appel d&rsquo;offres"},"content":{"rendered":"<h1 style=\"\">Appel d&rsquo;offres<\/h1>\n<h3 style=\"text-align: center;\">Recherche d&rsquo;appartements ou de villas disponibles en Martinique ?<\/h3>\n<p>Bleu Turquoise Conciergerie peut vous aider !<\/p>\n<p>Nous recherchons pour vous des biens disponibles dont nous avons connaissance par le biais de nos nombreux r\u00e9seaux sur l&rsquo;\u00eele.&nbsp;<\/p>\n<h4 style=\"\">Votre recherche d&rsquo;h\u00e9bergement en Martinique<\/h4>\n<p><span><img decoding=\"async\" alt=\"ZEN\" data-id=\"396\" width=\"610\" data-init-width=\"800\" height=\"785\" data-init-height=\"1029\" title=\"ZEN\" src=\"\/\/www.btc-martinique.com\/wp-content\/uploads\/2025\/01\/ZEN.gif\" data-width=\"610\" data-height=\"785\" style=\"aspect-ratio: auto 800 \/ 1029;\" loading=\"lazy\"><\/span><\/p>\n<h2 style=\"text-align: center;\">Contact<\/h2>\n<ul>\n<li style=\"\"><span style=\"\">Contact<\/span><\/li>\n<\/ul>\n<p style=\"\"><span data-attr-enable_call=\"0\" data-attr-id=\"3\" data-extra_key=\"1\" data-option-inline=\"1\" data-shortcode=\"thrive_global_fields\" data-shortcode-name=\"[Company] Phone number\">07 82 37 03 83<\/span><\/p>\n<p style=\"\"><span data-attr-enable_email=\"0\" data-attr-id=\"5\" data-extra_key=\"1\" data-option-inline=\"1\" data-shortcode=\"thrive_global_fields\" data-shortcode-name=\"[Company] Email address\">contact@btc-martinique.com<\/span><\/p>\n<ul>\n<li style=\"\"><span style=\"\">Adresse<\/span><\/li>\n<\/ul>\n<p style=\"\"><span data-shortcode=\"thrive_global_fields\" data-shortcode-name=\"[Company] Address\" data-extra_key=\"1\" data-attr-id=\"2\" data-attr-multiline=\"0\" data-option-inline=\"1\">Rue des Amandiers, Les Trois-\u00celets, 97229, Martinique<\/span><\/p>\n<p><a href=\"https:\/\/www.instagram.com\/bleu_turquoise_conciergerie?igsh=Y3Vsb2ExaXlpb3dv\" target=\"_blank\" rel=\"nofollow\" data-dynamic-link=\"thrive_global_fields_url\" data-shortcode-id=\"ig\" data-id=\"icon-instagram\"><span> <\/span><\/a><a href=\"https:\/\/www.facebook.com\/share\/15VUJ5v4g1\/?mibextid=wwXIfr\" target=\"_blank\" rel=\"nofollow\" data-dynamic-link=\"thrive_global_fields_url\" data-shortcode-id=\"fb\" data-id=\"icon-facebook\"><span> <\/span><\/a><\/p>\n","protected":false},"excerpt":{"rendered":"<p>Appel d&rsquo;offres Recherche d&rsquo;appartements ou de villas disponibles en Martinique ? Bleu Turquoise Conciergerie peut vous aider ! Nous recherchons pour vous des biens disponibles dont nous avons connaissance par le biais de nos nombreux r\u00e9seaux sur l&rsquo;\u00eele.&nbsp; Votre recherche d&rsquo;h\u00e9bergement en Martinique Contact Contact 07 82 37 03 83 contact@btc-martinique.com Adresse Rue des Amandiers, [&hellip;]<\/p>\n","protected":false},"author":1,"featured_media":0,"parent":0,"menu_order":0,"comment_status":"closed","ping_status":"closed","template":"","meta":{"footnotes":""},"class_list":["post-718","page","type-page","status-publish","hentry","post-wrapper","thrv_wrapper"],"_links":{"self":[{"href":"https:\/\/www.btc-martinique.com\/index.php\/wp-json\/wp\/v2\/pages\/718","targetHints":{"allow":["GET"]}}],"collection":[{"href":"https:\/\/www.btc-martinique.com\/index.php\/wp-json\/wp\/v2\/pages"}],"about":[{"href":"https:\/\/www.btc-martinique.com\/index.php\/wp-json\/wp\/v2\/types\/page"}],"author":[{"embeddable":true,"href":"https:\/\/www.btc-martinique.com\/index.php\/wp-json\/wp\/v2\/users\/1"}],"replies":[{"embeddable":true,"href":"https:\/\/www.btc-martinique.com\/index.php\/wp-json\/wp\/v2\/comments?post=718"}],"version-history":[{"count":30,"href":"https:\/\/www.btc-martinique.com\/index.php\/wp-json\/wp\/v2\/pages\/718\/revisions"}],"predecessor-version":[{"id":751,"href":"https:\/\/www.btc-martinique.com\/index.php\/wp-json\/wp\/v2\/pages\/718\/revisions\/751"}],"wp:attachment":[{"href":"https:\/\/www.btc-martinique.com\/index.php\/wp-json\/wp\/v2\/media?parent=718"}],"curies":[{"name":"wp","href":"https:\/\/api.w.org\/{rel}","templated":true}]}}