{"id":7,"date":"2025-01-06T14:08:49","date_gmt":"2025-01-06T13:08:49","guid":{"rendered":"http:\/\/www.btc-martinique.com\/?page_id=7"},"modified":"2025-01-12T12:14:45","modified_gmt":"2025-01-12T11:14:45","slug":"accueil","status":"publish","type":"page","link":"https:\/\/www.btc-martinique.com\/","title":{"rendered":"accueil"},"content":{"rendered":"<h2 style=\"text-align: center;\"><strong>Nos locations Martinique \u00e0 la Une&nbsp;<\/strong><\/h2>\n<h2 style=\"text-align: center;\"><span data-shortcode=\"tcb_post_title\" data-shortcode-name=\"Post title\" data-extra_key=\"\" data-attr-link=\"1\" data-attr-target=\"0\" data-attr-rel=\"0\" data-option-inline=\"1\" data-attr-static-link=\"{&quot;className&quot;:&quot;&quot;,&quot;href&quot;:&quot;https:\/\/www.btc-martinique.com\/index.php\/2025\/01\/11\/sweet-villa\/&quot;,&quot;title&quot;:&quot;Sweet Villa, Sainte Luce&quot;,&quot;data-css&quot;:&quot;tve-u-194425e41c4&quot;,&quot;class&quot;:&quot;&quot;}\" data-attr-css=\"tve-u-194425e41c4\"><a href=\"https:\/\/www.btc-martinique.com\/index.php\/2025\/01\/11\/sweet-villa\/\" title=\"Sweet Villa, Sainte Luce\">Sweet Villa, Sainte Luce<\/a><\/span><\/h2>\n<h2 style=\"text-align: center;\"><span data-shortcode=\"tcb_post_title\" data-shortcode-name=\"Post title\" data-extra_key=\"\" data-attr-link=\"1\" data-attr-target=\"0\" data-attr-rel=\"0\" data-option-inline=\"1\" data-attr-static-link=\"{&quot;className&quot;:&quot;&quot;,&quot;href&quot;:&quot;https:\/\/www.btc-martinique.com\/index.php\/2025\/01\/11\/sweet-villa\/&quot;,&quot;title&quot;:&quot;Sweet Villa, Sainte Luce&quot;,&quot;data-css&quot;:&quot;tve-u-194425e41c4&quot;,&quot;class&quot;:&quot;&quot;}\" data-attr-css=\"tve-u-194425e41c4\"><a href=\"https:\/\/www.btc-martinique.com\/index.php\/2025\/01\/11\/maison-creole-youka\/\" title=\"Maison cr\u00e9ole YOUKA, Trois-ilets\">Maison cr\u00e9ole YOUKA, Trois-ilets<\/a><\/span><\/h2>\n<h2 style=\"text-align: center;\"><span data-shortcode=\"tcb_post_title\" data-shortcode-name=\"Post title\" data-extra_key=\"\" data-attr-link=\"1\" data-attr-target=\"0\" data-attr-rel=\"0\" data-option-inline=\"1\" data-attr-static-link=\"{&quot;className&quot;:&quot;&quot;,&quot;href&quot;:&quot;https:\/\/www.btc-martinique.com\/index.php\/2025\/01\/11\/sweet-villa\/&quot;,&quot;title&quot;:&quot;Sweet Villa, Sainte Luce&quot;,&quot;data-css&quot;:&quot;tve-u-194425e41c4&quot;,&quot;class&quot;:&quot;&quot;}\" data-attr-css=\"tve-u-194425e41c4\"><a href=\"https:\/\/www.btc-martinique.com\/index.php\/2025\/01\/11\/le-grand-bleu\/\" title=\"Le Grand Bleu, Trois-ilets\">Le Grand Bleu, Trois-ilets<\/a><\/span><\/h2>\n<h2 style=\"text-align: center;\"><span data-shortcode=\"tcb_post_title\" data-shortcode-name=\"Post title\" data-extra_key=\"\" data-attr-link=\"1\" data-attr-target=\"0\" data-attr-rel=\"0\" data-option-inline=\"1\" data-attr-static-link=\"{&quot;className&quot;:&quot;&quot;,&quot;href&quot;:&quot;https:\/\/www.btc-martinique.com\/index.php\/2025\/01\/11\/sweet-villa\/&quot;,&quot;title&quot;:&quot;Sweet Villa, Sainte Luce&quot;,&quot;data-css&quot;:&quot;tve-u-194425e41c4&quot;,&quot;class&quot;:&quot;&quot;}\" data-attr-css=\"tve-u-194425e41c4\"><a href=\"https:\/\/www.btc-martinique.com\/index.php\/2025\/01\/11\/villa-les-esperides-trois-ilets\/\" title=\"Villa Les Esperides, Trois-ilets\">Villa Les Esperides, Trois-ilets<\/a><\/span><\/h2>\n<h2 style=\"text-align: center;\"><span data-shortcode=\"tcb_post_title\" data-shortcode-name=\"Post title\" data-extra_key=\"\" data-attr-link=\"1\" data-attr-target=\"0\" data-attr-rel=\"0\" data-option-inline=\"1\" data-attr-static-link=\"{&quot;className&quot;:&quot;&quot;,&quot;href&quot;:&quot;https:\/\/www.btc-martinique.com\/index.php\/2025\/01\/11\/sweet-villa\/&quot;,&quot;title&quot;:&quot;Sweet Villa, Sainte Luce&quot;,&quot;data-css&quot;:&quot;tve-u-194425e41c4&quot;,&quot;class&quot;:&quot;&quot;}\" data-attr-css=\"tve-u-194425e41c4\"><a href=\"https:\/\/www.btc-martinique.com\/index.php\/2025\/01\/11\/labote\/\" title=\"Labot\u00e9, duplex vue mer, Diamant\">Labot\u00e9, duplex vue mer, Diamant<\/a><\/span><\/h2>\n<h2 style=\"text-align: center;\"><span data-shortcode=\"tcb_post_title\" data-shortcode-name=\"Post title\" data-extra_key=\"\" data-attr-link=\"1\" data-attr-target=\"0\" data-attr-rel=\"0\" data-option-inline=\"1\" data-attr-static-link=\"{&quot;className&quot;:&quot;&quot;,&quot;href&quot;:&quot;https:\/\/www.btc-martinique.com\/index.php\/2025\/01\/11\/sweet-villa\/&quot;,&quot;title&quot;:&quot;Sweet Villa, Sainte Luce&quot;,&quot;data-css&quot;:&quot;tve-u-194425e41c4&quot;,&quot;class&quot;:&quot;&quot;}\" data-attr-css=\"tve-u-194425e41c4\"><a href=\"https:\/\/www.btc-martinique.com\/index.php\/2025\/01\/11\/bleu-lagoon\/\" title=\"Bleu Lagoon, Trois-ilets\">Bleu Lagoon, Trois-ilets<\/a><\/span><\/h2>\n<h2 style=\"text-align: center;\"><span data-shortcode=\"tcb_post_title\" data-shortcode-name=\"Post title\" data-extra_key=\"\" data-attr-link=\"1\" data-attr-target=\"0\" data-attr-rel=\"0\" data-option-inline=\"1\" data-attr-static-link=\"{&quot;className&quot;:&quot;&quot;,&quot;href&quot;:&quot;https:\/\/www.btc-martinique.com\/index.php\/2025\/01\/11\/sweet-villa\/&quot;,&quot;title&quot;:&quot;Sweet Villa, Sainte Luce&quot;,&quot;data-css&quot;:&quot;tve-u-194425e41c4&quot;,&quot;class&quot;:&quot;&quot;}\" data-attr-css=\"tve-u-194425e41c4\"><a href=\"https:\/\/www.btc-martinique.com\/index.php\/2025\/01\/11\/t3-proche-plage-village-creole-trois-ilets\/\" title=\"Vista Marina, T3 proche plage, Trois-ilets\">Vista Marina, T3 proche plage, Trois-ilets<\/a><\/span><\/h2>\n<h2 style=\"text-align: center;\"><span data-shortcode=\"tcb_post_title\" data-shortcode-name=\"Post title\" data-extra_key=\"\" data-attr-link=\"1\" data-attr-target=\"0\" data-attr-rel=\"0\" data-option-inline=\"1\" data-attr-static-link=\"{&quot;className&quot;:&quot;&quot;,&quot;href&quot;:&quot;https:\/\/www.btc-martinique.com\/index.php\/2025\/01\/11\/sweet-villa\/&quot;,&quot;title&quot;:&quot;Sweet Villa, Sainte Luce&quot;,&quot;data-css&quot;:&quot;tve-u-194425e41c4&quot;,&quot;class&quot;:&quot;&quot;}\" data-attr-css=\"tve-u-194425e41c4\"><a href=\"https:\/\/www.btc-martinique.com\/index.php\/2025\/01\/11\/appartement-t2-tout-confort-a-50m-de-la-plage-anse-mitan-trois-ilets\/\" title=\"Appartement T2 tout confort a 50m de la plage anse Mitan, Trois-ilets\">Appartement T2 tout confort a 50m de la plage anse Mitan, Trois-ilets<\/a><\/span><\/h2>\n<h2 style=\"text-align: center;\"><span data-shortcode=\"tcb_post_title\" data-shortcode-name=\"Post title\" data-extra_key=\"\" data-attr-link=\"1\" data-attr-target=\"0\" data-attr-rel=\"0\" data-option-inline=\"1\" data-attr-static-link=\"{&quot;className&quot;:&quot;&quot;,&quot;href&quot;:&quot;https:\/\/www.btc-martinique.com\/index.php\/2025\/01\/11\/sweet-villa\/&quot;,&quot;title&quot;:&quot;Sweet Villa, Sainte Luce&quot;,&quot;data-css&quot;:&quot;tve-u-194425e41c4&quot;,&quot;class&quot;:&quot;&quot;}\" data-attr-css=\"tve-u-194425e41c4\"><a href=\"https:\/\/www.btc-martinique.com\/index.php\/2025\/01\/07\/villa-horizon\/\" title=\"Villa Horizon, Trois-ilets\">Villa Horizon, Trois-ilets<\/a><\/span><\/h2>\n<p><span style=\"\"><a href=\"mailto: contact@btc-martinique.com\" target=\"_blank\" rel=\"\"><img decoding=\"async\" alt=\"EMAIL\" data-id=\"332\" width=\"58\" data-init-width=\"400\" height=\"59\" data-init-height=\"408\" title=\"EMAIL\" src=\"\/\/www.btc-martinique.com\/wp-content\/uploads\/2025\/01\/EMAIL.gif\" data-width=\"58\" data-height=\"59\" style=\"aspect-ratio: auto 400 \/ 408;\" mt-d=\"0\" ml-d=\"-1.125\" data-link-wrap=\"1\" loading=\"lazy\"><\/a><\/span><\/p>\n<h5 style=\"text-align: center;\"><a href=\"mailto:%20contact@btc-martinique.com\" target=\"_blank\" style=\"outline: none;\">contact@btc-martinique.com<\/a><\/h5>\n<p><span style=\"\"><img decoding=\"async\" alt=\"whatsapp\" data-id=\"329\" width=\"58\" data-init-width=\"980\" height=\"59\" data-init-height=\"980\" title=\"whatsapp-icon\" src=\"\/\/www.btc-martinique.com\/wp-content\/uploads\/2025\/01\/whatsapp-icon-free-png.webp\" data-width=\"58\" data-height=\"59\" style=\"aspect-ratio: auto 980 \/ 980;\" mt-d=\"0\" ml-d=\"-1.125\" loading=\"lazy\"><\/span><\/p>\n<h6 style=\"text-align: center;\">+33 782 370 383<\/h6>\n<p><span style=\"\"><a href=\"https:\/\/www.instagram.com\/bleu_turquoise_conciergerie\/\" target=\"_blank\"><img decoding=\"async\" alt=\"INSTAGRAM\" data-id=\"333\" width=\"58\" data-init-width=\"300\" height=\"59\" data-init-height=\"300\" title=\"INSTA\" src=\"\/\/www.btc-martinique.com\/wp-content\/uploads\/2025\/01\/INSTA.gif\" data-width=\"58\" data-height=\"59\" style=\"aspect-ratio: auto 300 \/ 300;\" mt-d=\"0\" ml-d=\"-1.125\" data-link-wrap=\"true\" loading=\"lazy\"><\/a><\/span><\/p>\n<h6 style=\"text-align: center;\"><a href=\"https:\/\/www.instagram.com\/bleu_turquoise_conciergerie\/\" target=\"_blank\" style=\"outline: none;\">bleu_turquo<span data-id=\"0\" data-type=\"false\" style=\"display: none; line-height: 0;\"><\/span><span data-id=\"0\" data-type=\"true\" style=\"display: none; line-height: 0;\"><\/span>ise_conciergerie<\/a><\/h6>\n<h2 style=\"text-align: center;\"><strong>Bleu Turquoise Conciergerie, un service cl\u00e9 en main<\/strong><\/h2>\n<p><a href=\"https:\/\/www.btc-martinique.com\/index.php\/locationsmartinique\/\" rel=\"\"><\/a><\/p>\n<h5 style=\"\"><a href=\"#\" style=\"outline: none;\">Location<\/a>&nbsp;<span style=\"--tcb-applied-color: rgb(44, 226, 219) !important; color: rgb(44, 226, 219) !important;\">et gestion de biens d&rsquo;exception courte dur\u00e9e en Martinique<\/span><\/h5>\n<p style=\"\">Vous recherchez un bien d&rsquo;exception sur la Martinique , sans les mauvaises surprises \u00e0 l&rsquo;arriv\u00e9e ? &nbsp;Vous \u00eates exigeant sur la qualit\u00e9 de vos vacances ? Bleu Turquoise Conciergerie ne s\u00e9lectionne que les biens de standing pour vous.<\/p>\n<p><a href=\"https:\/\/www.btc-martinique.com\/index.php\/locationsmartinique\/\" rel=\"\"><\/a><a href=\"https:\/\/www.btc-martinique.com\/index.php\/check-in-check-out\/\" rel=\"\"><\/a><\/p>\n<h5 style=\"\"><a href=\"#\" style=\"outline: none; color: rgb(44, 226, 219) !important;\"><\/a><a href=\"http:\/\/www.btc-martinique.com\/?page_id=7&amp;tve=true&amp;tcbf=fe5495889d#\" style=\"outline: none;\">Services Conciergerie<\/a>&nbsp;<\/h5>\n<p style=\"\">Nous vous proposons nos prestations de check in et check out, ainsi que des prestations de m\u00e9nage pour que votre bien soit toujours en capacit\u00e9 d&rsquo;accueillir de nouveaux visiteurs.<\/p>\n<p><a href=\"https:\/\/www.btc-martinique.com\/index.php\/check-in-check-out\/\" rel=\"\"><\/a><a href=\"https:\/\/www.btc-martinique.com\/index.php\/appel-doffres\/\" rel=\"\" target=\"_blank\"><\/a><\/p>\n<h5 style=\"\"><a href=\"#\" style=\"outline: none;\">Appel d&rsquo;offres<\/a><\/h5>\n<p style=\"\">Vous ne trouvez pas de disponibilit\u00e9 pour votre h\u00e9bergement ? Vous recherchez un appartement ou une villa en Martinique \u00e0 des dates pr\u00e9cises, sans succ\u00e8s?&nbsp;&nbsp;<\/p>\n<p style=\"\">Confiez nous votre demande, nous vous trouvons votre h\u00e9bergement en respectant votre budget, vos dates et votre secteur g\u00e9ographique !<\/p>\n<p><a href=\"https:\/\/www.btc-martinique.com\/index.php\/appel-doffres\/\" rel=\"\" target=\"_blank\"><\/a><\/p>\n<h2 style=\"text-align: center;\">Contact<\/h2>\n<ul>\n<li style=\"\"><span style=\"\">Contact<\/span><\/li>\n<\/ul>\n<p style=\"color: rgb(59, 59, 59) !important; --tcb-applied-color: rgb(59, 59, 59) !important;\"><span data-attr-enable_call=\"0\" data-attr-id=\"3\" data-extra_key=\"1\" data-option-inline=\"1\" data-shortcode=\"thrive_global_fields\" data-shortcode-name=\"[Company] Phone number\" style=\"\">07 82 37 03 83<\/span><\/p>\n<p style=\"color: rgb(59, 59, 59) !important; --tcb-applied-color: rgb(59, 59, 59) !important;\"><span data-attr-enable_email=\"0\" data-attr-id=\"5\" data-extra_key=\"1\" data-option-inline=\"1\" data-shortcode=\"thrive_global_fields\" data-shortcode-name=\"[Company] Email address\" style=\"\" data-attr-static-link=\"{&quot;className&quot;:&quot;&quot;,&quot;class&quot;:&quot;&quot;,&quot;href&quot;:&quot;mailto:%20contact@btc-martinique.com&quot;,&quot;target&quot;:&quot;_blank&quot;,&quot;style&quot;:&quot;&quot;,&quot;data-css&quot;:&quot;tve-u-1945726f64f&quot;}\"><a href=\"mailto:%20contact@btc-martinique.com\" target=\"_blank\" style=\"\">contact@btc-martinique.com<\/a><\/span><\/p>\n<p><a href=\"https:\/\/www.instagram.com\/bleu_turquoise_conciergerie?igsh=Y3Vsb2ExaXlpb3dv\" target=\"_blank\" rel=\"nofollow\" data-dynamic-link=\"thrive_global_fields_url\" data-shortcode-id=\"ig\" data-id=\"icon-instagram\"><span> <\/span><\/a><a href=\"https:\/\/www.facebook.com\/share\/15VUJ5v4g1\/?mibextid=wwXIfr\" target=\"_blank\" rel=\"nofollow\" data-dynamic-link=\"thrive_global_fields_url\" data-shortcode-id=\"fb\" data-id=\"icon-facebook\"><span> <\/span><\/a><\/p>\n<ul>\n<li style=\"\"><span style=\"\"><span style=\"--tcb-applied-color: var$(--tcb-skin-color-0) !important; color: var(--tcb-skin-color-0) !important;\">Secteurs couverts <\/span>:<\/span><\/li>\n<li><span><span>Trois-ilets, Anse d&rsquo;Arlet, Diamant, Rivi\u00e8re-Sal\u00e9e, Ducos, Sainte Luce<\/span><\/span><\/li>\n<\/ul>\n","protected":false},"excerpt":{"rendered":"<p>Nos locations Martinique \u00e0 la Une&nbsp; Sweet Villa, Sainte Luce Maison cr\u00e9ole YOUKA, Trois-ilets Le Grand Bleu, Trois-ilets Villa Les Esperides, Trois-ilets Labot\u00e9, duplex vue mer, Diamant Bleu Lagoon, Trois-ilets Vista Marina, T3 proche plage, Trois-ilets Appartement T2 tout confort a 50m de la plage anse Mitan, Trois-ilets Villa Horizon, Trois-ilets contact@btc-martinique.com +33 782 370 [&hellip;]<\/p>\n","protected":false},"author":1,"featured_media":10,"parent":0,"menu_order":0,"comment_status":"closed","ping_status":"closed","template":"","meta":{"footnotes":""},"class_list":["post-7","page","type-page","status-publish","has-post-thumbnail","hentry","post-wrapper","thrv_wrapper"],"_links":{"self":[{"href":"https:\/\/www.btc-martinique.com\/index.php\/wp-json\/wp\/v2\/pages\/7","targetHints":{"allow":["GET"]}}],"collection":[{"href":"https:\/\/www.btc-martinique.com\/index.php\/wp-json\/wp\/v2\/pages"}],"about":[{"href":"https:\/\/www.btc-martinique.com\/index.php\/wp-json\/wp\/v2\/types\/page"}],"author":[{"embeddable":true,"href":"https:\/\/www.btc-martinique.com\/index.php\/wp-json\/wp\/v2\/users\/1"}],"replies":[{"embeddable":true,"href":"https:\/\/www.btc-martinique.com\/index.php\/wp-json\/wp\/v2\/comments?post=7"}],"version-history":[{"count":228,"href":"https:\/\/www.btc-martinique.com\/index.php\/wp-json\/wp\/v2\/pages\/7\/revisions"}],"predecessor-version":[{"id":778,"href":"https:\/\/www.btc-martinique.com\/index.php\/wp-json\/wp\/v2\/pages\/7\/revisions\/778"}],"wp:featuredmedia":[{"embeddable":true,"href":"https:\/\/www.btc-martinique.com\/index.php\/wp-json\/wp\/v2\/media\/10"}],"wp:attachment":[{"href":"https:\/\/www.btc-martinique.com\/index.php\/wp-json\/wp\/v2\/media?parent=7"}],"curies":[{"name":"wp","href":"https:\/\/api.w.org\/{rel}","templated":true}]}}