{"id":349,"date":"2025-01-07T22:16:15","date_gmt":"2025-01-07T21:16:15","guid":{"rendered":"https:\/\/www.btc-martinique.com\/?page_id=349"},"modified":"2025-01-08T01:35:52","modified_gmt":"2025-01-08T00:35:52","slug":"commercialisation","status":"publish","type":"page","link":"https:\/\/www.btc-martinique.com\/index.php\/commercialisation\/","title":{"rendered":"Commercialisation"},"content":{"rendered":"<p><a href=\"https:\/\/www.instagram.com\/bleu_turquoise_conciergerie?igsh=Y3Vsb2ExaXlpb3dv\" target=\"_blank\" rel=\"nofollow\" data-dynamic-link=\"thrive_global_fields_url\" data-shortcode-id=\"ig\" data-id=\"icon-instagram\"><span> <\/span><\/a><a href=\"https:\/\/www.facebook.com\/share\/15VUJ5v4g1\/?mibextid=wwXIfr\" target=\"_blank\" rel=\"nofollow\" data-dynamic-link=\"thrive_global_fields_url\" data-shortcode-id=\"fb\" data-id=\"icon-facebook\"><span> <\/span><\/a><\/p>\n<h2>Pour que votre bien soit optimis\u00e9&#8230;<\/h2>\n<h5 style=\"text-align: center;\"><a href=\"#\" style=\"outline: none;\" data-tcb_hover_state_parent=\"\">Le bon positionnement<\/a><\/h5>\n<p style=\"text-align: center;\">Nous vous conseillons sur la gamme de prix et les prestations \u00e0 fournir pour \u00eatre au c\u0153ur du march\u00e9 des locations saisonni\u00e8res en Martinique. <\/p>\n<p style=\"text-align: center;\">Un prix trop haut, et le taux de remplissage chute.<\/p>\n<p style=\"text-align: center;\">Un prix trop bas et votre investissement perd son rendement.<\/p>\n<p style=\"text-align: center;\">Confiez nous votre bien, nous saurons vous conseiller.&nbsp;<\/p>\n<h5 style=\"text-align: center;\"><a href=\"#\" style=\"outline: none;\" data-tcb_hover_state_parent=\"\">Prix dynamique<\/a><\/h5>\n<p style=\"text-align: center;\">La location saisonni\u00e8re en Martinique est complexe. Les prix fluctuent selon les saisons, le climat, les \u00e9v\u00e8nements, la concurrence&#8230;<\/p>\n<p style=\"text-align: center;\">Nous disposons de plusieurs outils d&rsquo;analyse et d&rsquo;une solide exp\u00e9rience qui nous permet de vous proposer un ajustement \u00e0 la hausse ou \u00e0 la baisse pour s\u00e9duire vos futurs passagers.<\/p>\n<h5 style=\"text-align: center;\"><a href=\"#\" style=\"outline: none;\" data-tcb_hover_state_parent=\"\">Conseils d&rsquo;agencement<\/a><\/h5>\n<p style=\"text-align: center;\">Il suffit parfois de peu pour mettre en valeur une ambiance, un bien.&nbsp;<\/p>\n<p style=\"text-align: center;\">Par sa solide exp\u00e9rience, notre \u00e9quipe saura vous guider pour mettre dans un \u00e9crin votre location saisonni\u00e8re en Martinique<\/p>\n<h5 style=\"text-align: center;\"><a href=\"#\" style=\"outline: none;\" data-tcb_hover_state_parent=\"\">Notori\u00e9t\u00e9<\/a><\/h5>\n<p style=\"text-align: center;\">Nous travaillons avec plusieurs plate-formes de r\u00e9servation \u00e0 l&rsquo;international, et nous sommes pr\u00e9sents sur tous les r\u00e9seaux sociaux.<\/p>\n<p style=\"text-align: center;\">Nous sommes \u00e9galement accompagn\u00e9s par une agence SEO pour booster la notori\u00e9t\u00e9 de votre bien afin qu&rsquo;il soit visible par plusieurs milliers de clients potentiels.<\/p>\n<h5 style=\"text-align: center;\">Vous avez un bien \u00e0 mettre en location en Martinique ?<\/h5>\n<h5 style=\"text-align: center;\">Parlons-en ensemble &#8230;&nbsp;<\/h5>\n<p><span><img decoding=\"async\" alt=\"\" data-id=\"123\" width=\"1219\" data-init-width=\"1920\" height=\"171\" data-init-height=\"269\" title=\"deco lines bg\" src=\"\/\/www.btc-martinique.com\/wp-content\/uploads\/tcb_lp_templates\/templates\/css\/images\/deco-lines-bg.png\" data-width=\"1219\" data-height=\"171\" style=\"aspect-ratio: auto 1920 \/ 269;\" loading=\"lazy\"><\/span><\/p>\n<h2 style=\"\">Nous coups de c\u0153ur&#8230;<\/h2>\n<p><a href=\"https:\/\/www.btc-martinique.com\/index.php\/2025\/01\/07\/labote\/\" dynamic-postlink=\"tcb_post_the_permalink\" data-shortcode-id=\"307\"><\/a><\/p>\n<h2 style=\"text-align: center;\"><span data-shortcode=\"tcb_post_title\" data-shortcode-name=\"Post title\" data-extra_key=\"\" data-attr-link=\"0\" data-attr-target=\"0\" data-attr-rel=\"0\" data-option-inline=\"1\">Labot\u00e9<\/span><\/h2>\n<p><a href=\"https:\/\/www.btc-martinique.com\/index.php\/2025\/01\/07\/labote\/\" dynamic-postlink=\"tcb_post_the_permalink\" data-shortcode-id=\"307\"><\/a><a href=\"https:\/\/www.btc-martinique.com\/index.php\/2025\/01\/07\/villa-horizon\/\" dynamic-postlink=\"tcb_post_the_permalink\" data-shortcode-id=\"307\"><\/a><\/p>\n<h2 style=\"text-align: center;\"><span data-shortcode=\"tcb_post_title\" data-shortcode-name=\"Post title\" data-extra_key=\"\" data-attr-link=\"0\" data-attr-target=\"0\" data-attr-rel=\"0\" data-option-inline=\"1\">Villa Horizon<\/span><\/h2>\n<p><a href=\"https:\/\/www.btc-martinique.com\/index.php\/2025\/01\/07\/villa-horizon\/\" dynamic-postlink=\"tcb_post_the_permalink\" data-shortcode-id=\"307\"><\/a><a href=\"https:\/\/www.btc-martinique.com\/index.php\/2025\/01\/07\/sweet-villa\/\" dynamic-postlink=\"tcb_post_the_permalink\" data-shortcode-id=\"307\"><\/a><\/p>\n<h2 style=\"text-align: center;\"><span data-shortcode=\"tcb_post_title\" data-shortcode-name=\"Post title\" data-extra_key=\"\" data-attr-link=\"0\" data-attr-target=\"0\" data-attr-rel=\"0\" data-option-inline=\"1\">Sweet Villa<\/span><\/h2>\n<p><a href=\"https:\/\/www.btc-martinique.com\/index.php\/2025\/01\/07\/sweet-villa\/\" dynamic-postlink=\"tcb_post_the_permalink\" data-shortcode-id=\"307\"><\/a><a href=\"https:\/\/www.btc-martinique.com\/index.php\/2025\/01\/07\/maison-creole-youka\/\" dynamic-postlink=\"tcb_post_the_permalink\" data-shortcode-id=\"307\"><\/a><\/p>\n<h2 style=\"text-align: center;\"><span data-shortcode=\"tcb_post_title\" data-shortcode-name=\"Post title\" data-extra_key=\"\" data-attr-link=\"0\" data-attr-target=\"0\" data-attr-rel=\"0\" data-option-inline=\"1\">Maison cr\u00e9ole YOUKA<\/span><\/h2>\n<p><a href=\"https:\/\/www.btc-martinique.com\/index.php\/2025\/01\/07\/maison-creole-youka\/\" dynamic-postlink=\"tcb_post_the_permalink\" data-shortcode-id=\"307\"><\/a><a href=\"https:\/\/www.btc-martinique.com\/index.php\/2025\/01\/07\/sunset-caraibes\/\" dynamic-postlink=\"tcb_post_the_permalink\" data-shortcode-id=\"307\"><\/a><\/p>\n<h2 style=\"text-align: center;\"><span data-shortcode=\"tcb_post_title\" data-shortcode-name=\"Post title\" data-extra_key=\"\" data-attr-link=\"0\" data-attr-target=\"0\" data-attr-rel=\"0\" data-option-inline=\"1\">Sunset Caraibes<\/span><\/h2>\n<p><a href=\"https:\/\/www.btc-martinique.com\/index.php\/2025\/01\/07\/sunset-caraibes\/\" dynamic-postlink=\"tcb_post_the_permalink\" data-shortcode-id=\"307\"><\/a><a href=\"https:\/\/www.btc-martinique.com\/index.php\/2025\/01\/07\/le-grand-bleu\/\" dynamic-postlink=\"tcb_post_the_permalink\" data-shortcode-id=\"307\"><\/a><\/p>\n<h2 style=\"text-align: center;\"><span data-shortcode=\"tcb_post_title\" data-shortcode-name=\"Post title\" data-extra_key=\"\" data-attr-link=\"0\" data-attr-target=\"0\" data-attr-rel=\"0\" data-option-inline=\"1\">Le Grand Bleu<\/span><\/h2>\n<p><a href=\"https:\/\/www.btc-martinique.com\/index.php\/2025\/01\/07\/le-grand-bleu\/\" dynamic-postlink=\"tcb_post_the_permalink\" data-shortcode-id=\"307\"><\/a><a href=\"https:\/\/www.btc-martinique.com\/index.php\/2025\/01\/07\/bleu-lagoon\/\" dynamic-postlink=\"tcb_post_the_permalink\" data-shortcode-id=\"307\"><\/a><\/p>\n<h2 style=\"text-align: center;\"><span data-shortcode=\"tcb_post_title\" data-shortcode-name=\"Post title\" data-extra_key=\"\" data-attr-link=\"0\" data-attr-target=\"0\" data-attr-rel=\"0\" data-option-inline=\"1\">Bleu Lagoon<\/span><\/h2>\n<p><a href=\"https:\/\/www.btc-martinique.com\/index.php\/2025\/01\/07\/bleu-lagoon\/\" dynamic-postlink=\"tcb_post_the_permalink\" data-shortcode-id=\"307\"><\/a><\/p>\n","protected":false},"excerpt":{"rendered":"<p>Pour que votre bien soit optimis\u00e9&#8230; Le bon positionnement Nous vous conseillons sur la gamme de prix et les prestations \u00e0 fournir pour \u00eatre au c\u0153ur du march\u00e9 des locations saisonni\u00e8res en Martinique. Un prix trop haut, et le taux de remplissage chute. Un prix trop bas et votre investissement perd son rendement. Confiez nous [&hellip;]<\/p>\n","protected":false},"author":1,"featured_media":17,"parent":0,"menu_order":0,"comment_status":"closed","ping_status":"closed","template":"","meta":{"footnotes":""},"class_list":["post-349","page","type-page","status-publish","has-post-thumbnail","hentry","post-wrapper","thrv_wrapper"],"_links":{"self":[{"href":"https:\/\/www.btc-martinique.com\/index.php\/wp-json\/wp\/v2\/pages\/349","targetHints":{"allow":["GET"]}}],"collection":[{"href":"https:\/\/www.btc-martinique.com\/index.php\/wp-json\/wp\/v2\/pages"}],"about":[{"href":"https:\/\/www.btc-martinique.com\/index.php\/wp-json\/wp\/v2\/types\/page"}],"author":[{"embeddable":true,"href":"https:\/\/www.btc-martinique.com\/index.php\/wp-json\/wp\/v2\/users\/1"}],"replies":[{"embeddable":true,"href":"https:\/\/www.btc-martinique.com\/index.php\/wp-json\/wp\/v2\/comments?post=349"}],"version-history":[{"count":34,"href":"https:\/\/www.btc-martinique.com\/index.php\/wp-json\/wp\/v2\/pages\/349\/revisions"}],"predecessor-version":[{"id":463,"href":"https:\/\/www.btc-martinique.com\/index.php\/wp-json\/wp\/v2\/pages\/349\/revisions\/463"}],"wp:featuredmedia":[{"embeddable":true,"href":"https:\/\/www.btc-martinique.com\/index.php\/wp-json\/wp\/v2\/media\/17"}],"wp:attachment":[{"href":"https:\/\/www.btc-martinique.com\/index.php\/wp-json\/wp\/v2\/media?parent=349"}],"curies":[{"name":"wp","href":"https:\/\/api.w.org\/{rel}","templated":true}]}}